{"id":10877,"date":"2019-09-13T11:09:15","date_gmt":"2019-09-13T09:09:15","guid":{"rendered":"https:\/\/qube.radiantthemes.com\/?page_id=10877"},"modified":"2024-03-21T15:52:38","modified_gmt":"2024-03-21T14:52:38","slug":"contacta-con-nosotros","status":"publish","type":"page","link":"https:\/\/www.viajes-mada.com\/?page_id=10877","title":{"rendered":"Contactar"},"content":{"rendered":"\t\t<div data-elementor-type=\"wp-page\" data-elementor-id=\"10877\" class=\"elementor elementor-10877\">\n\t\t\t\t\t\t<section class=\"elementor-section elementor-top-section elementor-element elementor-element-b58bae8 elementor-section-stretched elementor-section-boxed elementor-section-height-default elementor-section-height-default\" data-id=\"b58bae8\" data-element_type=\"section\" data-settings=\"{&quot;stretch_section&quot;:&quot;section-stretched&quot;,&quot;background_background&quot;:&quot;classic&quot;}\">\n\t\t\t\t\t\t<div class=\"elementor-container elementor-column-gap-default\">\n\t\t\t\t\t<div class=\"elementor-column elementor-col-100 elementor-top-column elementor-element elementor-element-eec2fb5\" data-id=\"eec2fb5\" data-element_type=\"column\">\n\t\t\t<div class=\"elementor-widget-wrap elementor-element-populated\">\n\t\t\t\t\t\t<section class=\"elementor-section elementor-inner-section elementor-element elementor-element-80004c6 elementor-section-boxed elementor-section-height-default elementor-section-height-default\" data-id=\"80004c6\" data-element_type=\"section\">\n\t\t\t\t\t\t<div class=\"elementor-container elementor-column-gap-default\">\n\t\t\t\t\t<div class=\"elementor-column elementor-col-33 elementor-inner-column elementor-element elementor-element-07860f4\" data-id=\"07860f4\" data-element_type=\"column\">\n\t\t\t<div class=\"elementor-widget-wrap\">\n\t\t\t\t\t\t\t<\/div>\n\t\t<\/div>\n\t\t\t\t<div class=\"elementor-column elementor-col-33 elementor-inner-column elementor-element elementor-element-304dc96\" data-id=\"304dc96\" data-element_type=\"column\">\n\t\t\t<div class=\"elementor-widget-wrap elementor-element-populated\">\n\t\t\t\t\t\t<div class=\"elementor-element elementor-element-6cbee4b elementor-widget elementor-widget-heading\" data-id=\"6cbee4b\" data-element_type=\"widget\" data-widget_type=\"heading.default\">\n\t\t\t\t<div class=\"elementor-widget-container\">\n\t\t\t<h4 class=\"elementor-heading-title elementor-size-default\">Contacto<\/h4>\t\t<\/div>\n\t\t\t\t<\/div>\n\t\t\t\t<div class=\"elementor-element elementor-element-c69e46c elementor-widget elementor-widget-text-editor\" data-id=\"c69e46c\" data-element_type=\"widget\" data-widget_type=\"text-editor.default\">\n\t\t\t\t<div class=\"elementor-widget-container\">\n\t\t\t\t\t\t\t<p>Contacta con nosotros para que podamos organizar juntos tu aventura en la isla. Te acompa\u00f1amos en todas las etapas para que tu estad\u00eda se convierta en una de tus m\u00e1s hermosas experiencias.<\/p>\t\t\t\t\t\t<\/div>\n\t\t\t\t<\/div>\n\t\t\t\t\t<\/div>\n\t\t<\/div>\n\t\t\t\t<div class=\"elementor-column elementor-col-33 elementor-inner-column elementor-element elementor-element-9167313\" data-id=\"9167313\" data-element_type=\"column\">\n\t\t\t<div class=\"elementor-widget-wrap\">\n\t\t\t\t\t\t\t<\/div>\n\t\t<\/div>\n\t\t\t\t\t<\/div>\n\t\t<\/section>\n\t\t\t\t<section class=\"elementor-section elementor-inner-section elementor-element elementor-element-92cb4f8 elementor-section-boxed elementor-section-height-default elementor-section-height-default\" data-id=\"92cb4f8\" data-element_type=\"section\">\n\t\t\t\t\t\t<div class=\"elementor-container elementor-column-gap-default\">\n\t\t\t\t\t<div class=\"elementor-column elementor-col-100 elementor-inner-column elementor-element elementor-element-48cec59\" data-id=\"48cec59\" data-element_type=\"column\">\n\t\t\t<div class=\"elementor-widget-wrap elementor-element-populated\">\n\t\t\t\t\t\t<div class=\"elementor-element elementor-element-651003a elementor-widget__width-initial elementor-widget elementor-widget-void-section-cf7\" data-id=\"651003a\" data-element_type=\"widget\" data-widget_type=\"void-section-cf7.default\">\n\t\t\t\t<div class=\"elementor-widget-container\">\n\t\t\t<div class=\"void-cf7-form-widget-wrapper elementor-shortcode void-cf7-0\" data-void-cf7-contact-form-id=\"9728\">\n<div class=\"wpcf7 no-js\" id=\"wpcf7-f9728-o1\" lang=\"en-US\" dir=\"ltr\">\n<div class=\"screen-reader-response\"><p role=\"status\" aria-live=\"polite\" aria-atomic=\"true\"><\/p> <ul><\/ul><\/div>\n<form action=\"\/index.php?rest_route=%2Fwp%2Fv2%2Fpages%2F10877#wpcf7-f9728-o1\" method=\"post\" class=\"wpcf7-form init\" aria-label=\"Contact form\" novalidate=\"novalidate\" data-status=\"init\">\n<div style=\"display: none;\">\n<input type=\"hidden\" name=\"_wpcf7\" value=\"9728\" \/>\n<input type=\"hidden\" name=\"_wpcf7_version\" value=\"5.9.8\" \/>\n<input type=\"hidden\" name=\"_wpcf7_locale\" value=\"en_US\" \/>\n<input type=\"hidden\" name=\"_wpcf7_unit_tag\" value=\"wpcf7-f9728-o1\" \/>\n<input type=\"hidden\" name=\"_wpcf7_container_post\" value=\"0\" \/>\n<input type=\"hidden\" name=\"_wpcf7_posted_data_hash\" value=\"\" \/>\n<\/div>\n<div class=\"qube-contact-two\">\n\t<div class=\"row\">\n\t\t<div class=\"col-lg-6 col-md-6 col-sm-12 col-xs-12 no-padding\">\n\t\t\t<div class=\"form-row\">\n\t\t\t\t<p><span class=\"wpcf7-form-control-wrap\" data-name=\"Name\"><input size=\"40\" maxlength=\"400\" class=\"wpcf7-form-control wpcf7-text wpcf7-validates-as-required\" aria-required=\"true\" aria-invalid=\"false\" placeholder=\"Introduce tu nombre completo\" value=\"\" type=\"text\" name=\"Name\" \/><\/span>\n\t\t\t\t<\/p>\n\t\t\t<\/div>\n\t\t<\/div>\n\t\t<div class=\"col-lg-6 col-md-6 col-sm-12 col-xs-12 no-padding\">\n\t\t\t<div class=\"form-row\">\n\t\t\t\t<p><span class=\"wpcf7-form-control-wrap\" data-name=\"Email\"><input size=\"40\" maxlength=\"400\" class=\"wpcf7-form-control wpcf7-email wpcf7-validates-as-required wpcf7-text wpcf7-validates-as-email\" aria-required=\"true\" aria-invalid=\"false\" placeholder=\"Introduce tu direcci\u00f3n de correo electr\u00f3nico\" value=\"\" type=\"email\" name=\"Email\" \/><\/span>\n\t\t\t\t<\/p>\n\t\t\t<\/div>\n\t\t<\/div>\n\t\t<div class=\"col-lg-6 col-md-6 col-sm-12 col-xs-12 no-padding\">\n\t\t\t<div class=\"form-row\">\n\t\t\t\t<p><span class=\"wpcf7-form-control-wrap\" data-name=\"Phone\"><input size=\"40\" maxlength=\"400\" class=\"wpcf7-form-control wpcf7-tel wpcf7-validates-as-required wpcf7-text wpcf7-validates-as-tel\" aria-required=\"true\" aria-invalid=\"false\" placeholder=\"Introduce tu n\u00famero de tel\u00e9fono\" value=\"\" type=\"tel\" name=\"Phone\" \/><\/span>\n\t\t\t\t<\/p>\n\t\t\t<\/div>\n\t\t<\/div>\n\t\t<div class=\"col-lg-6 col-md-6 col-sm-12 col-xs-12 no-padding\">\n\t\t\t<div class=\"form-row\">\n\t\t\t\t<p><span class=\"wpcf7-form-control-wrap\" data-name=\"Subject\"><input size=\"40\" maxlength=\"400\" class=\"wpcf7-form-control wpcf7-text wpcf7-validates-as-required\" aria-required=\"true\" aria-invalid=\"false\" placeholder=\"T\u00edtulo de su mensaje\" value=\"\" type=\"text\" name=\"Subject\" \/><\/span>\n\t\t\t\t<\/p>\n\t\t\t<\/div>\n\t\t<\/div>\n\t\t<div class=\"col-lg-12 col-md-12 col-sm-12 col-xs-12 no-padding\">\n\t\t\t<div class=\"form-row\">\n\t\t\t\t<p><span class=\"wpcf7-form-control-wrap\" data-name=\"Message\"><textarea cols=\"40\" rows=\"10\" maxlength=\"2000\" class=\"wpcf7-form-control wpcf7-textarea wpcf7-validates-as-required\" aria-required=\"true\" aria-invalid=\"false\" placeholder=\"Indique aqu\u00ed su mensage\" name=\"Message\"><\/textarea><\/span>\n\t\t\t\t<\/p>\n\t\t\t<\/div>\n\t\t<\/div>\n\t\t<div class=\"col-lg-12 col-md-12 col-sm-12 col-xs-12 no-padding\">\n\t\t\t<div class=\"form-row submit-btn\">\n\t\t\t\t<p><input class=\"wpcf7-form-control wpcf7-submit has-spinner\" type=\"submit\" value=\"Enviar\" \/>\n\t\t\t\t<\/p>\n\t\t\t<\/div>\n\t\t<\/div>\n\t<\/div>\n<\/div><div class=\"wpcf7-response-output\" aria-hidden=\"true\"><\/div>\n<\/form>\n<\/div>\n<\/div>\t\t<\/div>\n\t\t\t\t<\/div>\n\t\t\t\t\t<\/div>\n\t\t<\/div>\n\t\t\t\t\t<\/div>\n\t\t<\/section>\n\t\t\t\t\t<\/div>\n\t\t<\/div>\n\t\t\t\t\t<\/div>\n\t\t<\/section>\n\t\t\t\t<\/div>\n\t\t","protected":false},"excerpt":{"rendered":"<p>Contacto Contacta con nosotros para que podamos organizar juntos tu aventura en la isla. Te acompa\u00f1amos en todas las etapas para que tu estad\u00eda se convierta en una de tus m\u00e1s hermosas experiencias.<\/p>\n","protected":false},"author":1,"featured_media":28407,"parent":0,"menu_order":0,"comment_status":"closed","ping_status":"closed","template":"elementor_header_footer","meta":{"footnotes":""},"yoast_head":"<!-- This site is optimized with the Yoast SEO plugin v22.3 - https:\/\/yoast.com\/wordpress\/plugins\/seo\/ -->\n<title>Contactar - Madagascar Viajes y Tours<\/title>\n<meta name=\"description\" content=\"Desde el equipo de Madagasgar viajes y tours queremos que tu experiencia en Madagascar sea \u00fanica, no dudes en contactar con nosotros.\" \/>\n<meta name=\"robots\" content=\"index, follow, max-snippet:-1, max-image-preview:large, max-video-preview:-1\" \/>\n<link rel=\"canonical\" href=\"https:\/\/www.viajes-mada.com\/?page_id=10877\" \/>\n<meta property=\"og:locale\" content=\"es_ES\" \/>\n<meta property=\"og:type\" content=\"article\" \/>\n<meta property=\"og:title\" content=\"Contactar - Madagascar Viajes y Tours\" \/>\n<meta property=\"og:description\" content=\"Desde el equipo de Madagasgar viajes y tours queremos que tu experiencia en Madagascar sea \u00fanica, no dudes en contactar con nosotros.\" \/>\n<meta property=\"og:url\" content=\"https:\/\/www.viajes-mada.com\/?page_id=10877\" \/>\n<meta property=\"og:site_name\" content=\"Madagascar Viajes y Tours\" \/>\n<meta property=\"article:modified_time\" content=\"2024-03-21T14:52:38+00:00\" \/>\n<meta property=\"og:image\" content=\"https:\/\/www.viajes-mada.com\/wp-content\/uploads\/2023\/01\/17.jpg\" \/>\n\t<meta property=\"og:image:width\" content=\"700\" \/>\n\t<meta property=\"og:image:height\" content=\"400\" \/>\n\t<meta property=\"og:image:type\" content=\"image\/jpeg\" \/>\n<meta name=\"twitter:card\" content=\"summary_large_image\" \/>\n<meta name=\"twitter:label1\" content=\"Tiempo de lectura\" \/>\n\t<meta name=\"twitter:data1\" content=\"1 minuto\" \/>\n<script type=\"application\/ld+json\" class=\"yoast-schema-graph\">{\"@context\":\"https:\/\/schema.org\",\"@graph\":[{\"@type\":\"WebPage\",\"@id\":\"https:\/\/www.viajes-mada.com\/?page_id=10877\",\"url\":\"https:\/\/www.viajes-mada.com\/?page_id=10877\",\"name\":\"Contactar - Madagascar Viajes y Tours\",\"isPartOf\":{\"@id\":\"https:\/\/www.viajes-mada.com\/#website\"},\"primaryImageOfPage\":{\"@id\":\"https:\/\/www.viajes-mada.com\/?page_id=10877#primaryimage\"},\"image\":{\"@id\":\"https:\/\/www.viajes-mada.com\/?page_id=10877#primaryimage\"},\"thumbnailUrl\":\"https:\/\/www.viajes-mada.com\/wp-content\/uploads\/2023\/01\/17.jpg\",\"datePublished\":\"2019-09-13T09:09:15+00:00\",\"dateModified\":\"2024-03-21T14:52:38+00:00\",\"description\":\"Desde el equipo de Madagasgar viajes y tours queremos que tu experiencia en Madagascar sea \u00fanica, no dudes en contactar con nosotros.\",\"breadcrumb\":{\"@id\":\"https:\/\/www.viajes-mada.com\/?page_id=10877#breadcrumb\"},\"inLanguage\":\"es\",\"potentialAction\":[{\"@type\":\"ReadAction\",\"target\":[\"https:\/\/www.viajes-mada.com\/?page_id=10877\"]}]},{\"@type\":\"ImageObject\",\"inLanguage\":\"es\",\"@id\":\"https:\/\/www.viajes-mada.com\/?page_id=10877#primaryimage\",\"url\":\"https:\/\/www.viajes-mada.com\/wp-content\/uploads\/2023\/01\/17.jpg\",\"contentUrl\":\"https:\/\/www.viajes-mada.com\/wp-content\/uploads\/2023\/01\/17.jpg\",\"width\":700,\"height\":400,\"caption\":\"people recollecting\"},{\"@type\":\"BreadcrumbList\",\"@id\":\"https:\/\/www.viajes-mada.com\/?page_id=10877#breadcrumb\",\"itemListElement\":[{\"@type\":\"ListItem\",\"position\":1,\"name\":\"Home\",\"item\":\"https:\/\/www.viajes-mada.com\/\"},{\"@type\":\"ListItem\",\"position\":2,\"name\":\"Contactar\"}]},{\"@type\":\"WebSite\",\"@id\":\"https:\/\/www.viajes-mada.com\/#website\",\"url\":\"https:\/\/www.viajes-mada.com\/\",\"name\":\"Madagascar Viajes y Tours\",\"description\":\"Explore the Wonders of Madagascar\",\"alternateName\":\"Viajes mada\",\"potentialAction\":[{\"@type\":\"SearchAction\",\"target\":{\"@type\":\"EntryPoint\",\"urlTemplate\":\"https:\/\/www.viajes-mada.com\/?s={search_term_string}\"},\"query-input\":\"required name=search_term_string\"}],\"inLanguage\":\"es\"}]}<\/script>\n<!-- \/ Yoast SEO plugin. -->","yoast_head_json":{"title":"Contactar - Madagascar Viajes y Tours","description":"Desde el equipo de Madagasgar viajes y tours queremos que tu experiencia en Madagascar sea \u00fanica, no dudes en contactar con nosotros.","robots":{"index":"index","follow":"follow","max-snippet":"max-snippet:-1","max-image-preview":"max-image-preview:large","max-video-preview":"max-video-preview:-1"},"canonical":"https:\/\/www.viajes-mada.com\/?page_id=10877","og_locale":"es_ES","og_type":"article","og_title":"Contactar - Madagascar Viajes y Tours","og_description":"Desde el equipo de Madagasgar viajes y tours queremos que tu experiencia en Madagascar sea \u00fanica, no dudes en contactar con nosotros.","og_url":"https:\/\/www.viajes-mada.com\/?page_id=10877","og_site_name":"Madagascar Viajes y Tours","article_modified_time":"2024-03-21T14:52:38+00:00","og_image":[{"width":700,"height":400,"url":"https:\/\/www.viajes-mada.com\/wp-content\/uploads\/2023\/01\/17.jpg","type":"image\/jpeg"}],"twitter_card":"summary_large_image","twitter_misc":{"Tiempo de lectura":"1 minuto"},"schema":{"@context":"https:\/\/schema.org","@graph":[{"@type":"WebPage","@id":"https:\/\/www.viajes-mada.com\/?page_id=10877","url":"https:\/\/www.viajes-mada.com\/?page_id=10877","name":"Contactar - Madagascar Viajes y Tours","isPartOf":{"@id":"https:\/\/www.viajes-mada.com\/#website"},"primaryImageOfPage":{"@id":"https:\/\/www.viajes-mada.com\/?page_id=10877#primaryimage"},"image":{"@id":"https:\/\/www.viajes-mada.com\/?page_id=10877#primaryimage"},"thumbnailUrl":"https:\/\/www.viajes-mada.com\/wp-content\/uploads\/2023\/01\/17.jpg","datePublished":"2019-09-13T09:09:15+00:00","dateModified":"2024-03-21T14:52:38+00:00","description":"Desde el equipo de Madagasgar viajes y tours queremos que tu experiencia en Madagascar sea \u00fanica, no dudes en contactar con nosotros.","breadcrumb":{"@id":"https:\/\/www.viajes-mada.com\/?page_id=10877#breadcrumb"},"inLanguage":"es","potentialAction":[{"@type":"ReadAction","target":["https:\/\/www.viajes-mada.com\/?page_id=10877"]}]},{"@type":"ImageObject","inLanguage":"es","@id":"https:\/\/www.viajes-mada.com\/?page_id=10877#primaryimage","url":"https:\/\/www.viajes-mada.com\/wp-content\/uploads\/2023\/01\/17.jpg","contentUrl":"https:\/\/www.viajes-mada.com\/wp-content\/uploads\/2023\/01\/17.jpg","width":700,"height":400,"caption":"people recollecting"},{"@type":"BreadcrumbList","@id":"https:\/\/www.viajes-mada.com\/?page_id=10877#breadcrumb","itemListElement":[{"@type":"ListItem","position":1,"name":"Home","item":"https:\/\/www.viajes-mada.com\/"},{"@type":"ListItem","position":2,"name":"Contactar"}]},{"@type":"WebSite","@id":"https:\/\/www.viajes-mada.com\/#website","url":"https:\/\/www.viajes-mada.com\/","name":"Madagascar Viajes y Tours","description":"Explore the Wonders of Madagascar","alternateName":"Viajes mada","potentialAction":[{"@type":"SearchAction","target":{"@type":"EntryPoint","urlTemplate":"https:\/\/www.viajes-mada.com\/?s={search_term_string}"},"query-input":"required name=search_term_string"}],"inLanguage":"es"}]}},"_links":{"self":[{"href":"https:\/\/www.viajes-mada.com\/index.php?rest_route=\/wp\/v2\/pages\/10877"}],"collection":[{"href":"https:\/\/www.viajes-mada.com\/index.php?rest_route=\/wp\/v2\/pages"}],"about":[{"href":"https:\/\/www.viajes-mada.com\/index.php?rest_route=\/wp\/v2\/types\/page"}],"author":[{"embeddable":true,"href":"https:\/\/www.viajes-mada.com\/index.php?rest_route=\/wp\/v2\/users\/1"}],"replies":[{"embeddable":true,"href":"https:\/\/www.viajes-mada.com\/index.php?rest_route=%2Fwp%2Fv2%2Fcomments&post=10877"}],"version-history":[{"count":119,"href":"https:\/\/www.viajes-mada.com\/index.php?rest_route=\/wp\/v2\/pages\/10877\/revisions"}],"predecessor-version":[{"id":30212,"href":"https:\/\/www.viajes-mada.com\/index.php?rest_route=\/wp\/v2\/pages\/10877\/revisions\/30212"}],"wp:featuredmedia":[{"embeddable":true,"href":"https:\/\/www.viajes-mada.com\/index.php?rest_route=\/wp\/v2\/media\/28407"}],"wp:attachment":[{"href":"https:\/\/www.viajes-mada.com\/index.php?rest_route=%2Fwp%2Fv2%2Fmedia&parent=10877"}],"curies":[{"name":"wp","href":"https:\/\/api.w.org\/{rel}","templated":true}]}}