{"id":28209,"date":"2022-10-12T08:06:46","date_gmt":"2022-10-12T06:06:46","guid":{"rendered":"https:\/\/www.viajes-mada.com\/?page_id=28209"},"modified":"2024-03-20T23:40:11","modified_gmt":"2024-03-20T22:40:11","slug":"quienes-somos","status":"publish","type":"page","link":"https:\/\/www.viajes-mada.com\/?page_id=28209","title":{"rendered":"\u00bfQui\u00e9nes somos?"},"content":{"rendered":"\t\t<div data-elementor-type=\"wp-page\" data-elementor-id=\"28209\" class=\"elementor elementor-28209\">\n\t\t\t\t\t\t<section class=\"elementor-section elementor-top-section elementor-element elementor-element-31bef31 elementor-section-boxed elementor-section-height-default elementor-section-height-default\" data-id=\"31bef31\" data-element_type=\"section\" data-settings=\"{&quot;background_background&quot;:&quot;classic&quot;}\">\n\t\t\t\t\t\t<div class=\"elementor-container elementor-column-gap-default\">\n\t\t\t\t\t<div class=\"elementor-column elementor-col-33 elementor-top-column elementor-element elementor-element-481d979 home-fifteen-we-fight-main animated-slow elementor-invisible\" data-id=\"481d979\" data-element_type=\"column\" data-settings=\"{&quot;background_background&quot;:&quot;classic&quot;,&quot;animation&quot;:&quot;fadeInLeft&quot;,&quot;animation_delay&quot;:200}\">\n\t\t\t<div class=\"elementor-widget-wrap elementor-element-populated\">\n\t\t\t\t\t\t<section class=\"elementor-section elementor-inner-section elementor-element elementor-element-4b2fb66 elementor-section-boxed elementor-section-height-default elementor-section-height-default\" data-id=\"4b2fb66\" data-element_type=\"section\" data-settings=\"{&quot;background_background&quot;:&quot;classic&quot;}\">\n\t\t\t\t\t\t<div class=\"elementor-container elementor-column-gap-default\">\n\t\t\t\t\t<div class=\"elementor-column elementor-col-100 elementor-inner-column elementor-element elementor-element-2fa46a5\" data-id=\"2fa46a5\" data-element_type=\"column\" data-settings=\"{&quot;background_background&quot;:&quot;classic&quot;}\">\n\t\t\t<div class=\"elementor-widget-wrap\">\n\t\t\t\t\t\t\t<\/div>\n\t\t<\/div>\n\t\t\t\t\t<\/div>\n\t\t<\/section>\n\t\t\t\t\t<\/div>\n\t\t<\/div>\n\t\t\t\t<div class=\"elementor-column elementor-col-33 elementor-top-column elementor-element elementor-element-62b5c41\" data-id=\"62b5c41\" data-element_type=\"column\">\n\t\t\t<div class=\"elementor-widget-wrap\">\n\t\t\t\t\t\t\t<\/div>\n\t\t<\/div>\n\t\t\t\t<div class=\"elementor-column elementor-col-33 elementor-top-column elementor-element elementor-element-057358c\" data-id=\"057358c\" data-element_type=\"column\">\n\t\t\t<div class=\"elementor-widget-wrap elementor-element-populated\">\n\t\t\t\t\t\t<div class=\"elementor-element elementor-element-24259c8 elementor-invisible elementor-widget elementor-widget-heading\" data-id=\"24259c8\" data-element_type=\"widget\" data-settings=\"{&quot;_animation&quot;:&quot;slideInUp&quot;,&quot;_animation_delay&quot;:200}\" data-widget_type=\"heading.default\">\n\t\t\t\t<div class=\"elementor-widget-container\">\n\t\t\t<div class=\"elementor-heading-title elementor-size-default\">\u00bfQui\u00e9nes somos?<\/div>\t\t<\/div>\n\t\t\t\t<\/div>\n\t\t\t\t<div class=\"elementor-element elementor-element-fd2685b elementor-invisible elementor-widget elementor-widget-heading\" data-id=\"fd2685b\" data-element_type=\"widget\" data-settings=\"{&quot;_animation&quot;:&quot;slideInUp&quot;,&quot;_animation_delay&quot;:600}\" data-widget_type=\"heading.default\">\n\t\t\t\t<div class=\"elementor-widget-container\">\n\t\t\t<h5 class=\"elementor-heading-title elementor-size-default\">Creada recientemente, la agencia Madagascar Viajes y Tours re\u00fane a j\u00f3venes especializados en turismo que desean formalizar sus actividades.<\/h5>\t\t<\/div>\n\t\t\t\t<\/div>\n\t\t\t\t<div class=\"elementor-element elementor-element-0d83a7a elementor-invisible elementor-widget elementor-widget-text-editor\" data-id=\"0d83a7a\" data-element_type=\"widget\" data-settings=\"{&quot;_animation&quot;:&quot;slideInUp&quot;,&quot;_animation_delay&quot;:800}\" data-widget_type=\"text-editor.default\">\n\t\t\t\t<div class=\"elementor-widget-container\">\n\t\t\t\t\t\t\t<p>La compa\u00f1\u00eda est\u00e1 dirigida por Josiane Raholinirinarisoa, experta en preparar y ejecutar viajes de por toda Isla. Como una verdadera l\u00edder y con 17 a\u00f1os de experiencia en el turismo, siempre est\u00e1 lista para hacer de su estancia un viaje memorable. Hacemos de su satisfacci\u00f3n nuestra prioridad.<\/p>\t\t\t\t\t\t<\/div>\n\t\t\t\t<\/div>\n\t\t\t\t<div class=\"elementor-element elementor-element-178dbdc elementor-invisible elementor-widget elementor-widget-text-editor\" data-id=\"178dbdc\" data-element_type=\"widget\" data-settings=\"{&quot;_animation&quot;:&quot;slideInUp&quot;,&quot;_animation_delay&quot;:800}\" data-widget_type=\"text-editor.default\">\n\t\t\t\t<div class=\"elementor-widget-container\">\n\t\t\t\t\t\t\t<p>Nuestro eslogan \u00abCon nosotros, paga menos y viaja con seguridad\u00bb atestigua nuestra disponibilidad para alinear nuestra oferta con su presupuesto de viaje. Adem\u00e1s, te garantizamos un servicio a la altura de tus expectativas. Madagascar Viajes Y tours es una agencia local experimentada que se preocupa por sus clientes.<\/p>\t\t\t\t\t\t<\/div>\n\t\t\t\t<\/div>\n\t\t\t\t\t<\/div>\n\t\t<\/div>\n\t\t\t\t\t<\/div>\n\t\t<\/section>\n\t\t\t\t<section class=\"elementor-section elementor-top-section elementor-element elementor-element-565617a elementor-section-boxed elementor-section-height-default elementor-section-height-default\" data-id=\"565617a\" data-element_type=\"section\">\n\t\t\t\t\t\t<div class=\"elementor-container elementor-column-gap-default\">\n\t\t\t\t\t<div class=\"elementor-column elementor-col-100 elementor-top-column elementor-element elementor-element-ac2ec40\" data-id=\"ac2ec40\" data-element_type=\"column\">\n\t\t\t<div class=\"elementor-widget-wrap elementor-element-populated\">\n\t\t\t\t\t\t<div class=\"elementor-element elementor-element-0014e85 elementor-invisible elementor-widget elementor-widget-text-editor\" data-id=\"0014e85\" data-element_type=\"widget\" data-settings=\"{&quot;_animation&quot;:&quot;slideInUp&quot;,&quot;_animation_delay&quot;:800}\" data-widget_type=\"text-editor.default\">\n\t\t\t\t<div class=\"elementor-widget-container\">\n\t\t\t\t\t\t\t<p>Somos Partner de la Consultora de Viajes Capit\u00e1n Africa, ellos son nuestros representantes para Am\u00e9rica y el Caribe. Si vives en esta regi\u00f3n del mundo. Si quieres conocer Madagascar y vivir la aventura de tu vida entonces contacta con Capit\u00e1n Africa directamente &#8211; Ellos se encargar\u00e1n de preparar todo con seguridad, acompa\u00f1\u00e1ndote en todo momento durante la preparaci\u00f3n del viaje hasta que hayas llegado al Aeropuerto de Antananaviro.<\/p>\t\t\t\t\t\t<\/div>\n\t\t\t\t<\/div>\n\t\t\t\t<div class=\"elementor-element elementor-element-f49de71 elementor-widget elementor-widget-spacer\" data-id=\"f49de71\" data-element_type=\"widget\" data-widget_type=\"spacer.default\">\n\t\t\t\t<div class=\"elementor-widget-container\">\n\t\t\t\t\t<div class=\"elementor-spacer\">\n\t\t\t<div class=\"elementor-spacer-inner\"><\/div>\n\t\t<\/div>\n\t\t\t\t<\/div>\n\t\t\t\t<\/div>\n\t\t\t\t<div class=\"elementor-element elementor-element-e3c3be9 elementor-invisible elementor-widget elementor-widget-text-editor\" data-id=\"e3c3be9\" data-element_type=\"widget\" data-settings=\"{&quot;_animation&quot;:&quot;slideInUp&quot;,&quot;_animation_delay&quot;:800}\" data-widget_type=\"text-editor.default\">\n\t\t\t\t<div class=\"elementor-widget-container\">\n\t\t\t\t\t\t\t\u00a1Descubre una aventura \u00fanica con nuestros emocionantes tours en Madagascar! Desde expediciones a parques nacionales llenos de vida salvaje hasta exploraciones de aldeas locales y la rica cultura malgache, nuestros tours est\u00e1n cuidadosamente dise\u00f1ados para satisfacer todos los gustos y preferencias. Sum\u00e9rgete en paisajes impresionantes, conoce la fascinante fauna y flora de la isla y sum\u00e9rgete en la autenticidad de su gente. Ya sea que est\u00e9s buscando una experiencia de naturaleza salvaje, una inmersi\u00f3n en la cultura local o simplemente desees relajarte en las hermosas playas de Madagascar, tenemos el tour perfecto para ti. \u00danete a nosotros y d\u00e9jate llevar por una experiencia inolvidable en la tierra de la isla roja. Para m\u00e1s informaci\u00f3n crea tu propio tour o encu\u00e9ntralo en alguno de <span style=\"color: #5F8670;\"><a style=\"color: #5F8670;\" href=\"https:\/\/www.viajes-mada.com\/?page_id=30102\">Nuestros tours.<\/a><\/span>\t\t\t\t\t\t<\/div>\n\t\t\t\t<\/div>\n\t\t\t\t\t<\/div>\n\t\t<\/div>\n\t\t\t\t\t<\/div>\n\t\t<\/section>\n\t\t\t\t<\/div>\n\t\t","protected":false},"excerpt":{"rendered":"<p>\u00bfQui\u00e9nes somos? Creada recientemente, la agencia Madagascar Viajes y Tours re\u00fane a j\u00f3venes especializados en turismo que desean formalizar sus actividades. La compa\u00f1\u00eda est\u00e1 dirigida por Josiane Raholinirinarisoa, experta en preparar y ejecutar viajes de por toda Isla. Como una verdadera l\u00edder y con 17 a\u00f1os de experiencia en el turismo, siempre est\u00e1 lista para [&hellip;]<\/p>\n","protected":false},"author":1,"featured_media":27464,"parent":0,"menu_order":0,"comment_status":"closed","ping_status":"closed","template":"elementor_header_footer","meta":{"footnotes":""},"yoast_head":"<!-- This site is optimized with the Yoast SEO plugin v22.3 - https:\/\/yoast.com\/wordpress\/plugins\/seo\/ -->\n<title>Madagascar Viajes y Tours - \u00bfQui\u00e9nes somos?<\/title>\n<meta name=\"description\" content=\"\u00bfQui\u00e9nes somos? Somos una agencia con una gran experiencia donde garantizamos viajes personalizados y precios competitivos.\" \/>\n<meta name=\"robots\" content=\"index, follow, max-snippet:-1, max-image-preview:large, max-video-preview:-1\" \/>\n<link rel=\"canonical\" href=\"https:\/\/www.viajes-mada.com\/?page_id=28209\" \/>\n<meta property=\"og:locale\" content=\"es_ES\" \/>\n<meta property=\"og:type\" content=\"article\" \/>\n<meta property=\"og:title\" content=\"Madagascar Viajes y Tours - \u00bfQui\u00e9nes somos?\" \/>\n<meta property=\"og:description\" content=\"\u00bfQui\u00e9nes somos? Somos una agencia con una gran experiencia donde garantizamos viajes personalizados y precios competitivos.\" \/>\n<meta property=\"og:url\" content=\"https:\/\/www.viajes-mada.com\/?page_id=28209\" \/>\n<meta property=\"og:site_name\" content=\"Madagascar Viajes y Tours\" \/>\n<meta property=\"article:modified_time\" content=\"2024-03-20T22:40:11+00:00\" \/>\n<meta property=\"og:image\" content=\"https:\/\/www.viajes-mada.com\/wp-content\/uploads\/2022\/06\/ankarana7.jpg\" \/>\n\t<meta property=\"og:image:width\" content=\"600\" \/>\n\t<meta property=\"og:image:height\" content=\"350\" \/>\n\t<meta property=\"og:image:type\" content=\"image\/jpeg\" \/>\n<meta name=\"twitter:card\" content=\"summary_large_image\" \/>\n<meta name=\"twitter:label1\" content=\"Tiempo de lectura\" \/>\n\t<meta name=\"twitter:data1\" content=\"2 minutos\" \/>\n<script type=\"application\/ld+json\" class=\"yoast-schema-graph\">{\"@context\":\"https:\/\/schema.org\",\"@graph\":[{\"@type\":\"WebPage\",\"@id\":\"https:\/\/www.viajes-mada.com\/?page_id=28209\",\"url\":\"https:\/\/www.viajes-mada.com\/?page_id=28209\",\"name\":\"Madagascar Viajes y Tours - \u00bfQui\u00e9nes somos?\",\"isPartOf\":{\"@id\":\"https:\/\/www.viajes-mada.com\/#website\"},\"primaryImageOfPage\":{\"@id\":\"https:\/\/www.viajes-mada.com\/?page_id=28209#primaryimage\"},\"image\":{\"@id\":\"https:\/\/www.viajes-mada.com\/?page_id=28209#primaryimage\"},\"thumbnailUrl\":\"https:\/\/www.viajes-mada.com\/wp-content\/uploads\/2022\/06\/ankarana7.jpg\",\"datePublished\":\"2022-10-12T06:06:46+00:00\",\"dateModified\":\"2024-03-20T22:40:11+00:00\",\"description\":\"\u00bfQui\u00e9nes somos? Somos una agencia con una gran experiencia donde garantizamos viajes personalizados y precios competitivos.\",\"breadcrumb\":{\"@id\":\"https:\/\/www.viajes-mada.com\/?page_id=28209#breadcrumb\"},\"inLanguage\":\"es\",\"potentialAction\":[{\"@type\":\"ReadAction\",\"target\":[\"https:\/\/www.viajes-mada.com\/?page_id=28209\"]}]},{\"@type\":\"ImageObject\",\"inLanguage\":\"es\",\"@id\":\"https:\/\/www.viajes-mada.com\/?page_id=28209#primaryimage\",\"url\":\"https:\/\/www.viajes-mada.com\/wp-content\/uploads\/2022\/06\/ankarana7.jpg\",\"contentUrl\":\"https:\/\/www.viajes-mada.com\/wp-content\/uploads\/2022\/06\/ankarana7.jpg\",\"width\":600,\"height\":350},{\"@type\":\"BreadcrumbList\",\"@id\":\"https:\/\/www.viajes-mada.com\/?page_id=28209#breadcrumb\",\"itemListElement\":[{\"@type\":\"ListItem\",\"position\":1,\"name\":\"Home\",\"item\":\"https:\/\/www.viajes-mada.com\/\"},{\"@type\":\"ListItem\",\"position\":2,\"name\":\"\u00bfQui\u00e9nes somos?\"}]},{\"@type\":\"WebSite\",\"@id\":\"https:\/\/www.viajes-mada.com\/#website\",\"url\":\"https:\/\/www.viajes-mada.com\/\",\"name\":\"Madagascar Viajes y Tours\",\"description\":\"Explore the Wonders of Madagascar\",\"alternateName\":\"Viajes mada\",\"potentialAction\":[{\"@type\":\"SearchAction\",\"target\":{\"@type\":\"EntryPoint\",\"urlTemplate\":\"https:\/\/www.viajes-mada.com\/?s={search_term_string}\"},\"query-input\":\"required name=search_term_string\"}],\"inLanguage\":\"es\"}]}<\/script>\n<!-- \/ Yoast SEO plugin. -->","yoast_head_json":{"title":"Madagascar Viajes y Tours - \u00bfQui\u00e9nes somos?","description":"\u00bfQui\u00e9nes somos? Somos una agencia con una gran experiencia donde garantizamos viajes personalizados y precios competitivos.","robots":{"index":"index","follow":"follow","max-snippet":"max-snippet:-1","max-image-preview":"max-image-preview:large","max-video-preview":"max-video-preview:-1"},"canonical":"https:\/\/www.viajes-mada.com\/?page_id=28209","og_locale":"es_ES","og_type":"article","og_title":"Madagascar Viajes y Tours - \u00bfQui\u00e9nes somos?","og_description":"\u00bfQui\u00e9nes somos? Somos una agencia con una gran experiencia donde garantizamos viajes personalizados y precios competitivos.","og_url":"https:\/\/www.viajes-mada.com\/?page_id=28209","og_site_name":"Madagascar Viajes y Tours","article_modified_time":"2024-03-20T22:40:11+00:00","og_image":[{"width":600,"height":350,"url":"https:\/\/www.viajes-mada.com\/wp-content\/uploads\/2022\/06\/ankarana7.jpg","type":"image\/jpeg"}],"twitter_card":"summary_large_image","twitter_misc":{"Tiempo de lectura":"2 minutos"},"schema":{"@context":"https:\/\/schema.org","@graph":[{"@type":"WebPage","@id":"https:\/\/www.viajes-mada.com\/?page_id=28209","url":"https:\/\/www.viajes-mada.com\/?page_id=28209","name":"Madagascar Viajes y Tours - \u00bfQui\u00e9nes somos?","isPartOf":{"@id":"https:\/\/www.viajes-mada.com\/#website"},"primaryImageOfPage":{"@id":"https:\/\/www.viajes-mada.com\/?page_id=28209#primaryimage"},"image":{"@id":"https:\/\/www.viajes-mada.com\/?page_id=28209#primaryimage"},"thumbnailUrl":"https:\/\/www.viajes-mada.com\/wp-content\/uploads\/2022\/06\/ankarana7.jpg","datePublished":"2022-10-12T06:06:46+00:00","dateModified":"2024-03-20T22:40:11+00:00","description":"\u00bfQui\u00e9nes somos? Somos una agencia con una gran experiencia donde garantizamos viajes personalizados y precios competitivos.","breadcrumb":{"@id":"https:\/\/www.viajes-mada.com\/?page_id=28209#breadcrumb"},"inLanguage":"es","potentialAction":[{"@type":"ReadAction","target":["https:\/\/www.viajes-mada.com\/?page_id=28209"]}]},{"@type":"ImageObject","inLanguage":"es","@id":"https:\/\/www.viajes-mada.com\/?page_id=28209#primaryimage","url":"https:\/\/www.viajes-mada.com\/wp-content\/uploads\/2022\/06\/ankarana7.jpg","contentUrl":"https:\/\/www.viajes-mada.com\/wp-content\/uploads\/2022\/06\/ankarana7.jpg","width":600,"height":350},{"@type":"BreadcrumbList","@id":"https:\/\/www.viajes-mada.com\/?page_id=28209#breadcrumb","itemListElement":[{"@type":"ListItem","position":1,"name":"Home","item":"https:\/\/www.viajes-mada.com\/"},{"@type":"ListItem","position":2,"name":"\u00bfQui\u00e9nes somos?"}]},{"@type":"WebSite","@id":"https:\/\/www.viajes-mada.com\/#website","url":"https:\/\/www.viajes-mada.com\/","name":"Madagascar Viajes y Tours","description":"Explore the Wonders of Madagascar","alternateName":"Viajes mada","potentialAction":[{"@type":"SearchAction","target":{"@type":"EntryPoint","urlTemplate":"https:\/\/www.viajes-mada.com\/?s={search_term_string}"},"query-input":"required name=search_term_string"}],"inLanguage":"es"}]}},"_links":{"self":[{"href":"https:\/\/www.viajes-mada.com\/index.php?rest_route=\/wp\/v2\/pages\/28209"}],"collection":[{"href":"https:\/\/www.viajes-mada.com\/index.php?rest_route=\/wp\/v2\/pages"}],"about":[{"href":"https:\/\/www.viajes-mada.com\/index.php?rest_route=\/wp\/v2\/types\/page"}],"author":[{"embeddable":true,"href":"https:\/\/www.viajes-mada.com\/index.php?rest_route=\/wp\/v2\/users\/1"}],"replies":[{"embeddable":true,"href":"https:\/\/www.viajes-mada.com\/index.php?rest_route=%2Fwp%2Fv2%2Fcomments&post=28209"}],"version-history":[{"count":79,"href":"https:\/\/www.viajes-mada.com\/index.php?rest_route=\/wp\/v2\/pages\/28209\/revisions"}],"predecessor-version":[{"id":30457,"href":"https:\/\/www.viajes-mada.com\/index.php?rest_route=\/wp\/v2\/pages\/28209\/revisions\/30457"}],"wp:featuredmedia":[{"embeddable":true,"href":"https:\/\/www.viajes-mada.com\/index.php?rest_route=\/wp\/v2\/media\/27464"}],"wp:attachment":[{"href":"https:\/\/www.viajes-mada.com\/index.php?rest_route=%2Fwp%2Fv2%2Fmedia&parent=28209"}],"curies":[{"name":"wp","href":"https:\/\/api.w.org\/{rel}","templated":true}]}}