{"id":28648,"date":"2024-02-23T00:11:45","date_gmt":"2024-02-22T23:11:45","guid":{"rendered":"https:\/\/www.viajes-mada.com\/?page_id=28648"},"modified":"2024-03-21T16:04:40","modified_gmt":"2024-03-21T15:04:40","slug":"veuillez-laisser-votre-avis","status":"publish","type":"page","link":"https:\/\/www.viajes-mada.com\/?page_id=28648&lang=fr","title":{"rendered":"Veuillez laisser votre avis"},"content":{"rendered":"\t\t<div data-elementor-type=\"wp-page\" data-elementor-id=\"28648\" class=\"elementor elementor-28648\">\n\t\t\t\t\t\t<section class=\"elementor-section elementor-top-section elementor-element elementor-element-b58bae8 elementor-section-stretched elementor-section-boxed elementor-section-height-default elementor-section-height-default\" data-id=\"b58bae8\" data-element_type=\"section\" data-settings=\"{&quot;stretch_section&quot;:&quot;section-stretched&quot;,&quot;background_background&quot;:&quot;classic&quot;}\">\n\t\t\t\t\t\t<div class=\"elementor-container elementor-column-gap-default\">\n\t\t\t\t\t<div class=\"elementor-column elementor-col-100 elementor-top-column elementor-element elementor-element-eec2fb5\" data-id=\"eec2fb5\" data-element_type=\"column\">\n\t\t\t<div class=\"elementor-widget-wrap elementor-element-populated\">\n\t\t\t\t\t\t<section class=\"elementor-section elementor-inner-section elementor-element elementor-element-80004c6 elementor-section-boxed elementor-section-height-default elementor-section-height-default\" data-id=\"80004c6\" data-element_type=\"section\">\n\t\t\t\t\t\t<div class=\"elementor-container elementor-column-gap-default\">\n\t\t\t\t\t<div class=\"elementor-column elementor-col-33 elementor-inner-column elementor-element elementor-element-07860f4\" data-id=\"07860f4\" data-element_type=\"column\">\n\t\t\t<div class=\"elementor-widget-wrap\">\n\t\t\t\t\t\t\t<\/div>\n\t\t<\/div>\n\t\t\t\t<div class=\"elementor-column elementor-col-33 elementor-inner-column elementor-element elementor-element-304dc96\" data-id=\"304dc96\" data-element_type=\"column\">\n\t\t\t<div class=\"elementor-widget-wrap elementor-element-populated\">\n\t\t\t\t\t\t<div class=\"elementor-element elementor-element-6cbee4b elementor-widget elementor-widget-heading\" data-id=\"6cbee4b\" data-element_type=\"widget\" data-widget_type=\"heading.default\">\n\t\t\t\t<div class=\"elementor-widget-container\">\n\t\t\t<h4 class=\"elementor-heading-title elementor-size-default\">Laissez votre avis<\/h4>\t\t<\/div>\n\t\t\t\t<\/div>\n\t\t\t\t\t<\/div>\n\t\t<\/div>\n\t\t\t\t<div class=\"elementor-column elementor-col-33 elementor-inner-column elementor-element elementor-element-9167313\" data-id=\"9167313\" data-element_type=\"column\">\n\t\t\t<div class=\"elementor-widget-wrap\">\n\t\t\t\t\t\t\t<\/div>\n\t\t<\/div>\n\t\t\t\t\t<\/div>\n\t\t<\/section>\n\t\t\t\t<section class=\"elementor-section elementor-inner-section elementor-element elementor-element-bba0d46 elementor-section-boxed elementor-section-height-default elementor-section-height-default\" data-id=\"bba0d46\" data-element_type=\"section\">\n\t\t\t\t\t\t<div class=\"elementor-container elementor-column-gap-default\">\n\t\t\t\t\t<div class=\"elementor-column elementor-col-100 elementor-inner-column elementor-element elementor-element-73a6806\" data-id=\"73a6806\" data-element_type=\"column\">\n\t\t\t<div class=\"elementor-widget-wrap elementor-element-populated\">\n\t\t\t\t\t\t<div class=\"elementor-element elementor-element-a43f4bb elementor-widget elementor-widget-text-editor\" data-id=\"a43f4bb\" data-element_type=\"widget\" data-widget_type=\"text-editor.default\">\n\t\t\t\t<div class=\"elementor-widget-container\">\n\t\t\t\t\t\t\t<p>\u00cates-vous d\u00e9j\u00e0 parti en voyage avec nous ? Vous avons-nous aid\u00e9 \u00e0 planifier votre voyage \u00e0 Madagascar ? Nous avez-vous demand\u00e9 des informations sur le pays ? Ou avez-vous simplement parcouru notre site web ? Chez Madagascar Voyages et Tours, nous adorons cr\u00e9er des souvenirs uniques et exceptionnels pour chacun de nos voyageurs. Votre exp\u00e9rience est notre moyen de nous am\u00e9liorer ! Partagez votre aventure et dites-nous ce que vous en avez pens\u00e9. Nous attendons avec impatience vos commentaires et vos avis ! \u2764\ufe0f<\/p>\t\t\t\t\t\t<\/div>\n\t\t\t\t<\/div>\n\t\t\t\t\t<\/div>\n\t\t<\/div>\n\t\t\t\t\t<\/div>\n\t\t<\/section>\n\t\t\t\t<section class=\"elementor-section elementor-inner-section elementor-element elementor-element-92cb4f8 elementor-section-boxed elementor-section-height-default elementor-section-height-default\" data-id=\"92cb4f8\" data-element_type=\"section\">\n\t\t\t\t\t\t<div class=\"elementor-container elementor-column-gap-default\">\n\t\t\t\t\t<div class=\"elementor-column elementor-col-100 elementor-inner-column elementor-element elementor-element-48cec59\" data-id=\"48cec59\" data-element_type=\"column\">\n\t\t\t<div class=\"elementor-widget-wrap elementor-element-populated\">\n\t\t\t\t\t\t<div class=\"elementor-element elementor-element-1bbbbef elementor-button-align-end elementor-widget elementor-widget-form\" data-id=\"1bbbbef\" data-element_type=\"widget\" data-settings=\"{&quot;step_next_label&quot;:&quot;Next&quot;,&quot;step_previous_label&quot;:&quot;Previous&quot;,&quot;button_width&quot;:&quot;100&quot;,&quot;step_type&quot;:&quot;number_text&quot;,&quot;step_icon_shape&quot;:&quot;circle&quot;}\" data-widget_type=\"form.default\">\n\t\t\t\t<div class=\"elementor-widget-container\">\n\t\t\t\t\t<form class=\"elementor-form\" method=\"post\" name=\"New Form\">\n\t\t\t<input type=\"hidden\" name=\"post_id\" value=\"28648\"\/>\n\t\t\t<input type=\"hidden\" name=\"form_id\" value=\"1bbbbef\"\/>\n\t\t\t<input type=\"hidden\" name=\"referer_title\" value=\"Madagascar Viajes y Tours\" \/>\n\n\t\t\t\n\t\t\t<div class=\"elementor-form-fields-wrapper elementor-labels-above\">\n\t\t\t\t\t\t\t\t<div class=\"elementor-field-type-text elementor-field-group elementor-column elementor-field-group-name elementor-col-50\">\n\t\t\t\t\t\t\t\t\t\t\t\t\t<input size=\"1\" type=\"text\" name=\"form_fields[name]\" id=\"form-field-name\" class=\"elementor-field elementor-size-sm  elementor-field-textual\" placeholder=\"Introduis ton nom complet\">\n\t\t\t\t\t\t\t\t\t\t\t<\/div>\n\t\t\t\t\t\t\t\t<div class=\"elementor-field-type-text elementor-field-group elementor-column elementor-field-group-field_d1350a9 elementor-col-50\">\n\t\t\t\t\t\t\t\t\t\t\t\t\t<input size=\"1\" type=\"text\" name=\"form_fields[field_d1350a9]\" id=\"form-field-field_d1350a9\" class=\"elementor-field elementor-size-sm  elementor-field-textual\" placeholder=\"Pays\">\n\t\t\t\t\t\t\t\t\t\t\t<\/div>\n\t\t\t\t\t\t\t\t<div class=\"elementor-field-type-email elementor-field-group elementor-column elementor-field-group-email elementor-col-100 elementor-field-required\">\n\t\t\t\t\t\t\t\t\t\t\t\t\t<input size=\"1\" type=\"email\" name=\"form_fields[email]\" id=\"form-field-email\" class=\"elementor-field elementor-size-sm  elementor-field-textual\" placeholder=\"Adresse e-mail\" required=\"required\" aria-required=\"true\">\n\t\t\t\t\t\t\t\t\t\t\t<\/div>\n\t\t\t\t\t\t\t\t<div class=\"elementor-field-type-textarea elementor-field-group elementor-column elementor-field-group-message elementor-col-100\">\n\t\t\t\t\t<textarea class=\"elementor-field-textual elementor-field  elementor-size-sm\" name=\"form_fields[message]\" id=\"form-field-message\" rows=\"4\" placeholder=\"Entrez votre message ici\"><\/textarea>\t\t\t\t<\/div>\n\t\t\t\t\t\t\t\t<div class=\"elementor-field-group elementor-column elementor-field-type-submit elementor-col-100 e-form__buttons\">\n\t\t\t\t\t<button type=\"submit\" class=\"elementor-button elementor-size-sm\">\n\t\t\t\t\t\t<span >\n\t\t\t\t\t\t\t\t\t\t\t\t\t\t\t<span class=\" elementor-button-icon\">\n\t\t\t\t\t\t\t\t\t\t\t\t\t\t\t\t\t\t\t\t\t\t\t\t\t\t<\/span>\n\t\t\t\t\t\t\t\t\t\t\t\t\t\t\t\t\t\t\t\t\t\t<span class=\"elementor-button-text\">Envoyer<\/span>\n\t\t\t\t\t\t\t\t\t\t\t\t\t<\/span>\n\t\t\t\t\t<\/button>\n\t\t\t\t<\/div>\n\t\t\t<\/div>\n\t\t<\/form>\n\t\t\t\t<\/div>\n\t\t\t\t<\/div>\n\t\t\t\t\t<\/div>\n\t\t<\/div>\n\t\t\t\t\t<\/div>\n\t\t<\/section>\n\t\t\t\t\t<\/div>\n\t\t<\/div>\n\t\t\t\t\t<\/div>\n\t\t<\/section>\n\t\t\t\t<\/div>\n\t\t","protected":false},"excerpt":{"rendered":"<p>Laissez votre avis \u00cates-vous d\u00e9j\u00e0 parti en voyage avec nous ? Vous avons-nous aid\u00e9 \u00e0 planifier votre voyage \u00e0 Madagascar ? Nous avez-vous demand\u00e9 des informations sur le pays ? Ou avez-vous simplement parcouru notre site web ? Chez Madagascar Voyages et Tours, nous adorons cr\u00e9er des souvenirs uniques et exceptionnels pour chacun de nos [&hellip;]<\/p>\n","protected":false},"author":2,"featured_media":27472,"parent":0,"menu_order":0,"comment_status":"closed","ping_status":"closed","template":"elementor_header_footer","meta":{"footnotes":""},"yoast_head":"<!-- This site is optimized with the Yoast SEO plugin v22.3 - https:\/\/yoast.com\/wordpress\/plugins\/seo\/ -->\n<title>Veuillez laisser votre avis - Madagascar Viajes y Tours<\/title>\n<meta name=\"description\" content=\"Depuis Madagascar Voyages et Tours, nous voulons faire de votre exp\u00e9rience \u00e0 Madagascar une exp\u00e9rience unique, alors n&#039;h\u00e9sitez pas \u00e0 nous contacter.\" \/>\n<meta name=\"robots\" content=\"index, follow, max-snippet:-1, max-image-preview:large, max-video-preview:-1\" \/>\n<link rel=\"canonical\" href=\"https:\/\/www.viajes-mada.com\/?page_id=28648&lang=fr\" \/>\n<meta property=\"og:locale\" content=\"es_ES\" \/>\n<meta property=\"og:type\" content=\"article\" \/>\n<meta property=\"og:title\" content=\"Veuillez laisser votre avis - Madagascar Viajes y Tours\" \/>\n<meta property=\"og:description\" content=\"Depuis Madagascar Voyages et Tours, nous voulons faire de votre exp\u00e9rience \u00e0 Madagascar une exp\u00e9rience unique, alors n&#039;h\u00e9sitez pas \u00e0 nous contacter.\" \/>\n<meta property=\"og:url\" content=\"https:\/\/www.viajes-mada.com\/?page_id=28648&amp;lang=fr\" \/>\n<meta property=\"og:site_name\" content=\"Madagascar Viajes y Tours\" \/>\n<meta property=\"article:modified_time\" content=\"2024-03-21T15:04:40+00:00\" \/>\n<meta property=\"og:image\" content=\"https:\/\/www.viajes-mada.com\/wp-content\/uploads\/2022\/06\/andasibe3.jpg\" \/>\n\t<meta property=\"og:image:width\" content=\"600\" \/>\n\t<meta property=\"og:image:height\" content=\"350\" \/>\n\t<meta property=\"og:image:type\" content=\"image\/jpeg\" \/>\n<meta name=\"twitter:card\" content=\"summary_large_image\" \/>\n<meta name=\"twitter:label1\" content=\"Tiempo de lectura\" \/>\n\t<meta name=\"twitter:data1\" content=\"1 minuto\" \/>\n<script type=\"application\/ld+json\" class=\"yoast-schema-graph\">{\"@context\":\"https:\/\/schema.org\",\"@graph\":[{\"@type\":\"WebPage\",\"@id\":\"https:\/\/www.viajes-mada.com\/?page_id=28648&lang=fr\",\"url\":\"https:\/\/www.viajes-mada.com\/?page_id=28648&lang=fr\",\"name\":\"Veuillez laisser votre avis - Madagascar Viajes y Tours\",\"isPartOf\":{\"@id\":\"https:\/\/www.viajes-mada.com\/#website\"},\"primaryImageOfPage\":{\"@id\":\"https:\/\/www.viajes-mada.com\/?page_id=28648&lang=fr#primaryimage\"},\"image\":{\"@id\":\"https:\/\/www.viajes-mada.com\/?page_id=28648&lang=fr#primaryimage\"},\"thumbnailUrl\":\"https:\/\/www.viajes-mada.com\/wp-content\/uploads\/2022\/06\/andasibe3.jpg\",\"datePublished\":\"2024-02-22T23:11:45+00:00\",\"dateModified\":\"2024-03-21T15:04:40+00:00\",\"description\":\"Depuis Madagascar Voyages et Tours, nous voulons faire de votre exp\u00e9rience \u00e0 Madagascar une exp\u00e9rience unique, alors n'h\u00e9sitez pas \u00e0 nous contacter.\",\"breadcrumb\":{\"@id\":\"https:\/\/www.viajes-mada.com\/?page_id=28648&lang=fr#breadcrumb\"},\"inLanguage\":\"es\",\"potentialAction\":[{\"@type\":\"ReadAction\",\"target\":[\"https:\/\/www.viajes-mada.com\/?page_id=28648&lang=fr\"]}]},{\"@type\":\"ImageObject\",\"inLanguage\":\"es\",\"@id\":\"https:\/\/www.viajes-mada.com\/?page_id=28648&lang=fr#primaryimage\",\"url\":\"https:\/\/www.viajes-mada.com\/wp-content\/uploads\/2022\/06\/andasibe3.jpg\",\"contentUrl\":\"https:\/\/www.viajes-mada.com\/wp-content\/uploads\/2022\/06\/andasibe3.jpg\",\"width\":600,\"height\":350},{\"@type\":\"BreadcrumbList\",\"@id\":\"https:\/\/www.viajes-mada.com\/?page_id=28648&lang=fr#breadcrumb\",\"itemListElement\":[{\"@type\":\"ListItem\",\"position\":1,\"name\":\"Home\",\"item\":\"https:\/\/www.viajes-mada.com\/\"},{\"@type\":\"ListItem\",\"position\":2,\"name\":\"Veuillez laisser votre avis\"}]},{\"@type\":\"WebSite\",\"@id\":\"https:\/\/www.viajes-mada.com\/#website\",\"url\":\"https:\/\/www.viajes-mada.com\/\",\"name\":\"Madagascar Viajes y Tours\",\"description\":\"Explore the Wonders of Madagascar\",\"alternateName\":\"Viajes mada\",\"potentialAction\":[{\"@type\":\"SearchAction\",\"target\":{\"@type\":\"EntryPoint\",\"urlTemplate\":\"https:\/\/www.viajes-mada.com\/?s={search_term_string}\"},\"query-input\":\"required name=search_term_string\"}],\"inLanguage\":\"es\"}]}<\/script>\n<!-- \/ Yoast SEO plugin. -->","yoast_head_json":{"title":"Veuillez laisser votre avis - Madagascar Viajes y Tours","description":"Depuis Madagascar Voyages et Tours, nous voulons faire de votre exp\u00e9rience \u00e0 Madagascar une exp\u00e9rience unique, alors n'h\u00e9sitez pas \u00e0 nous contacter.","robots":{"index":"index","follow":"follow","max-snippet":"max-snippet:-1","max-image-preview":"max-image-preview:large","max-video-preview":"max-video-preview:-1"},"canonical":"https:\/\/www.viajes-mada.com\/?page_id=28648&lang=fr","og_locale":"es_ES","og_type":"article","og_title":"Veuillez laisser votre avis - Madagascar Viajes y Tours","og_description":"Depuis Madagascar Voyages et Tours, nous voulons faire de votre exp\u00e9rience \u00e0 Madagascar une exp\u00e9rience unique, alors n'h\u00e9sitez pas \u00e0 nous contacter.","og_url":"https:\/\/www.viajes-mada.com\/?page_id=28648&lang=fr","og_site_name":"Madagascar Viajes y Tours","article_modified_time":"2024-03-21T15:04:40+00:00","og_image":[{"width":600,"height":350,"url":"https:\/\/www.viajes-mada.com\/wp-content\/uploads\/2022\/06\/andasibe3.jpg","type":"image\/jpeg"}],"twitter_card":"summary_large_image","twitter_misc":{"Tiempo de lectura":"1 minuto"},"schema":{"@context":"https:\/\/schema.org","@graph":[{"@type":"WebPage","@id":"https:\/\/www.viajes-mada.com\/?page_id=28648&lang=fr","url":"https:\/\/www.viajes-mada.com\/?page_id=28648&lang=fr","name":"Veuillez laisser votre avis - Madagascar Viajes y Tours","isPartOf":{"@id":"https:\/\/www.viajes-mada.com\/#website"},"primaryImageOfPage":{"@id":"https:\/\/www.viajes-mada.com\/?page_id=28648&lang=fr#primaryimage"},"image":{"@id":"https:\/\/www.viajes-mada.com\/?page_id=28648&lang=fr#primaryimage"},"thumbnailUrl":"https:\/\/www.viajes-mada.com\/wp-content\/uploads\/2022\/06\/andasibe3.jpg","datePublished":"2024-02-22T23:11:45+00:00","dateModified":"2024-03-21T15:04:40+00:00","description":"Depuis Madagascar Voyages et Tours, nous voulons faire de votre exp\u00e9rience \u00e0 Madagascar une exp\u00e9rience unique, alors n'h\u00e9sitez pas \u00e0 nous contacter.","breadcrumb":{"@id":"https:\/\/www.viajes-mada.com\/?page_id=28648&lang=fr#breadcrumb"},"inLanguage":"es","potentialAction":[{"@type":"ReadAction","target":["https:\/\/www.viajes-mada.com\/?page_id=28648&lang=fr"]}]},{"@type":"ImageObject","inLanguage":"es","@id":"https:\/\/www.viajes-mada.com\/?page_id=28648&lang=fr#primaryimage","url":"https:\/\/www.viajes-mada.com\/wp-content\/uploads\/2022\/06\/andasibe3.jpg","contentUrl":"https:\/\/www.viajes-mada.com\/wp-content\/uploads\/2022\/06\/andasibe3.jpg","width":600,"height":350},{"@type":"BreadcrumbList","@id":"https:\/\/www.viajes-mada.com\/?page_id=28648&lang=fr#breadcrumb","itemListElement":[{"@type":"ListItem","position":1,"name":"Home","item":"https:\/\/www.viajes-mada.com\/"},{"@type":"ListItem","position":2,"name":"Veuillez laisser votre avis"}]},{"@type":"WebSite","@id":"https:\/\/www.viajes-mada.com\/#website","url":"https:\/\/www.viajes-mada.com\/","name":"Madagascar Viajes y Tours","description":"Explore the Wonders of Madagascar","alternateName":"Viajes mada","potentialAction":[{"@type":"SearchAction","target":{"@type":"EntryPoint","urlTemplate":"https:\/\/www.viajes-mada.com\/?s={search_term_string}"},"query-input":"required name=search_term_string"}],"inLanguage":"es"}]}},"_links":{"self":[{"href":"https:\/\/www.viajes-mada.com\/index.php?rest_route=\/wp\/v2\/pages\/28648"}],"collection":[{"href":"https:\/\/www.viajes-mada.com\/index.php?rest_route=\/wp\/v2\/pages"}],"about":[{"href":"https:\/\/www.viajes-mada.com\/index.php?rest_route=\/wp\/v2\/types\/page"}],"author":[{"embeddable":true,"href":"https:\/\/www.viajes-mada.com\/index.php?rest_route=\/wp\/v2\/users\/2"}],"replies":[{"embeddable":true,"href":"https:\/\/www.viajes-mada.com\/index.php?rest_route=%2Fwp%2Fv2%2Fcomments&post=28648"}],"version-history":[{"count":24,"href":"https:\/\/www.viajes-mada.com\/index.php?rest_route=\/wp\/v2\/pages\/28648\/revisions"}],"predecessor-version":[{"id":30595,"href":"https:\/\/www.viajes-mada.com\/index.php?rest_route=\/wp\/v2\/pages\/28648\/revisions\/30595"}],"wp:featuredmedia":[{"embeddable":true,"href":"https:\/\/www.viajes-mada.com\/index.php?rest_route=\/wp\/v2\/media\/27472"}],"wp:attachment":[{"href":"https:\/\/www.viajes-mada.com\/index.php?rest_route=%2Fwp%2Fv2%2Fmedia&parent=28648"}],"curies":[{"name":"wp","href":"https:\/\/api.w.org\/{rel}","templated":true}]}}