{"id":28672,"date":"2024-02-23T00:28:20","date_gmt":"2024-02-22T23:28:20","guid":{"rendered":"https:\/\/www.viajes-mada.com\/?page_id=28672"},"modified":"2024-03-20T23:43:16","modified_gmt":"2024-03-20T22:43:16","slug":"qui-sommes-nous","status":"publish","type":"page","link":"https:\/\/www.viajes-mada.com\/?page_id=28672&lang=fr","title":{"rendered":"Qui sommes-nous"},"content":{"rendered":"\t\t<div data-elementor-type=\"wp-page\" data-elementor-id=\"28672\" class=\"elementor elementor-28672\">\n\t\t\t\t\t\t<section class=\"elementor-section elementor-top-section elementor-element elementor-element-31bef31 elementor-section-boxed elementor-section-height-default elementor-section-height-default\" data-id=\"31bef31\" data-element_type=\"section\">\n\t\t\t\t\t\t<div class=\"elementor-container elementor-column-gap-default\">\n\t\t\t\t\t<div class=\"elementor-column elementor-col-33 elementor-top-column elementor-element elementor-element-481d979 home-fifteen-we-fight-main animated-slow elementor-invisible\" data-id=\"481d979\" data-element_type=\"column\" data-settings=\"{&quot;background_background&quot;:&quot;classic&quot;,&quot;animation&quot;:&quot;fadeInLeft&quot;,&quot;animation_delay&quot;:200}\">\n\t\t\t<div class=\"elementor-widget-wrap elementor-element-populated\">\n\t\t\t\t\t\t<section class=\"elementor-section elementor-inner-section elementor-element elementor-element-4b2fb66 elementor-section-boxed elementor-section-height-default elementor-section-height-default\" data-id=\"4b2fb66\" data-element_type=\"section\" data-settings=\"{&quot;background_background&quot;:&quot;classic&quot;}\">\n\t\t\t\t\t\t<div class=\"elementor-container elementor-column-gap-default\">\n\t\t\t\t\t<div class=\"elementor-column elementor-col-100 elementor-inner-column elementor-element elementor-element-2fa46a5\" data-id=\"2fa46a5\" data-element_type=\"column\" data-settings=\"{&quot;background_background&quot;:&quot;classic&quot;}\">\n\t\t\t<div class=\"elementor-widget-wrap\">\n\t\t\t\t\t\t\t<\/div>\n\t\t<\/div>\n\t\t\t\t\t<\/div>\n\t\t<\/section>\n\t\t\t\t\t<\/div>\n\t\t<\/div>\n\t\t\t\t<div class=\"elementor-column elementor-col-33 elementor-top-column elementor-element elementor-element-62b5c41\" data-id=\"62b5c41\" data-element_type=\"column\">\n\t\t\t<div class=\"elementor-widget-wrap\">\n\t\t\t\t\t\t\t<\/div>\n\t\t<\/div>\n\t\t\t\t<div class=\"elementor-column elementor-col-33 elementor-top-column elementor-element elementor-element-057358c\" data-id=\"057358c\" data-element_type=\"column\">\n\t\t\t<div class=\"elementor-widget-wrap elementor-element-populated\">\n\t\t\t\t\t\t<div class=\"elementor-element elementor-element-24259c8 elementor-invisible elementor-widget elementor-widget-heading\" data-id=\"24259c8\" data-element_type=\"widget\" data-settings=\"{&quot;_animation&quot;:&quot;slideInUp&quot;,&quot;_animation_delay&quot;:200}\" data-widget_type=\"heading.default\">\n\t\t\t\t<div class=\"elementor-widget-container\">\n\t\t\t<h6 class=\"elementor-heading-title elementor-size-default\">\u00bfQui sommes-nous ?<\/h6>\t\t<\/div>\n\t\t\t\t<\/div>\n\t\t\t\t<div class=\"elementor-element elementor-element-fd2685b elementor-invisible elementor-widget elementor-widget-heading\" data-id=\"fd2685b\" data-element_type=\"widget\" data-settings=\"{&quot;_animation&quot;:&quot;slideInUp&quot;,&quot;_animation_delay&quot;:600}\" data-widget_type=\"heading.default\">\n\t\t\t\t<div class=\"elementor-widget-container\">\n\t\t\t<h5 class=\"elementor-heading-title elementor-size-default\">Madagascar Viajes y Tours, votre voyage de r\u00eave \u00e0 petit prix et en toute confiance\u2009!<\/h5>\t\t<\/div>\n\t\t\t\t<\/div>\n\t\t\t\t<div class=\"elementor-element elementor-element-0d83a7a elementor-invisible elementor-widget elementor-widget-text-editor\" data-id=\"0d83a7a\" data-element_type=\"widget\" data-settings=\"{&quot;_animation&quot;:&quot;slideInUp&quot;,&quot;_animation_delay&quot;:800}\" data-widget_type=\"text-editor.default\">\n\t\t\t\t<div class=\"elementor-widget-container\">\n\t\t\t\t\t\t\t<p>Cr\u00e9\u00e9e r\u00e9cemment, l\u2019agence Madagascar Viajes y Tours r\u00e9unit des jeunes sp\u00e9cialis\u00e9s dans le tourisme d\u00e9sireux de formaliser leurs activit\u00e9s. La troupe est men\u00e9e par Josiane Raholinirinarisoa, une experte en pr\u00e9paration et en ex\u00e9cution de voyage de r\u00eave \u00e0 travers la Grande Ile.<\/p>\t\t\t\t\t\t<\/div>\n\t\t\t\t<\/div>\n\t\t\t\t<div class=\"elementor-element elementor-element-178dbdc elementor-invisible elementor-widget elementor-widget-text-editor\" data-id=\"178dbdc\" data-element_type=\"widget\" data-settings=\"{&quot;_animation&quot;:&quot;slideInUp&quot;,&quot;_animation_delay&quot;:800}\" data-widget_type=\"text-editor.default\">\n\t\t\t\t<div class=\"elementor-widget-container\">\n\t\t\t\t\t\t\t<p>En vrai leader et dot\u00e9e de 17 ann\u00e9es d\u2019exp\u00e9rience dans ce domaine, elle est toujours pr\u00eate \u00e0 relever le d\u00e9fi pour que votre s\u00e9jour soit des plus m\u00e9morables. Nous faisons de votre satisfaction notre priorit\u00e9.<br \/>Notre slogan \u00ab\u2009Avec nous, payez moins et voyagez en toute confiance\u2009\u00bb t\u00e9moigne de notre disponibilit\u00e9 \u00e0 aligner notre offre \u00e0 votre budget de voyage.<\/p>\t\t\t\t\t\t<\/div>\n\t\t\t\t<\/div>\n\t\t\t\t\t<\/div>\n\t\t<\/div>\n\t\t\t\t\t<\/div>\n\t\t<\/section>\n\t\t\t\t<section class=\"elementor-section elementor-top-section elementor-element elementor-element-565617a elementor-section-boxed elementor-section-height-default elementor-section-height-default\" data-id=\"565617a\" data-element_type=\"section\">\n\t\t\t\t\t\t<div class=\"elementor-container elementor-column-gap-default\">\n\t\t\t\t\t<div class=\"elementor-column elementor-col-100 elementor-top-column elementor-element elementor-element-ac2ec40\" data-id=\"ac2ec40\" data-element_type=\"column\">\n\t\t\t<div class=\"elementor-widget-wrap elementor-element-populated\">\n\t\t\t\t\t\t<div class=\"elementor-element elementor-element-0014e85 elementor-invisible elementor-widget elementor-widget-text-editor\" data-id=\"0014e85\" data-element_type=\"widget\" data-settings=\"{&quot;_animation&quot;:&quot;slideInUp&quot;,&quot;_animation_delay&quot;:800}\" data-widget_type=\"text-editor.default\">\n\t\t\t\t<div class=\"elementor-widget-container\">\n\t\t\t\t\t\t\t<p>En plus, nous vous garantissons un service \u00e0 la hauteur de vos attentes. Madagascar Viajes Y tours, c\u2019est une agence locale exp\u00e9riment\u00e9e soucieuse de sa client\u00e8le.<br \/>Nous sommes partenaire du Captain Africa Travel Consultant. Ils sont nos repr\u00e9sentants pour l\u2019Am\u00e9rique et les Cara\u00efbes. Si vous vivez dans cette r\u00e9gion du monde et que vous souhaitez conna\u00eetre Madagascar et vivre l\u2019aventure de votre vie, alors contactez directement Captain Africa \u2013 Ils se chargeront de tout pr\u00e9parer en toute s\u00e9curit\u00e9, vous accompagnant \u00e0 tout moment durant la pr\u00e9paration du voyage jusqu\u2019\u00e0 votre arriv\u00e9e au A\u00e9roport d\u2019Antananaviro.<\/p>\t\t\t\t\t\t<\/div>\n\t\t\t\t<\/div>\n\t\t\t\t<div class=\"elementor-element elementor-element-78dac4b elementor-widget elementor-widget-spacer\" data-id=\"78dac4b\" data-element_type=\"widget\" data-widget_type=\"spacer.default\">\n\t\t\t\t<div class=\"elementor-widget-container\">\n\t\t\t\t\t<div class=\"elementor-spacer\">\n\t\t\t<div class=\"elementor-spacer-inner\"><\/div>\n\t\t<\/div>\n\t\t\t\t<\/div>\n\t\t\t\t<\/div>\n\t\t\t\t<div class=\"elementor-element elementor-element-5109eb3 elementor-invisible elementor-widget elementor-widget-text-editor\" data-id=\"5109eb3\" data-element_type=\"widget\" data-settings=\"{&quot;_animation&quot;:&quot;slideInUp&quot;,&quot;_animation_delay&quot;:800}\" data-widget_type=\"text-editor.default\">\n\t\t\t\t<div class=\"elementor-widget-container\">\n\t\t\t\t\t\t\t<p>D\u00e9couvrez une aventure unique avec nos excursions passionnantes \u00e0 Madagascar ! Des exp\u00e9ditions dans des parcs nationaux remplis de vie sauvage aux explorations des villages locaux et de la riche culture malgache, nos excursions sont soigneusement con\u00e7ues pour r\u00e9pondre \u00e0 tous les go\u00fbts et pr\u00e9f\u00e9rences. Plongez-vous dans des paysages \u00e9poustouflants, rencontrez la fascinante faune et flore de l&#8217;\u00eele et plongez dans l&#8217;authenticit\u00e9 de son peuple. Que vous recherchiez une exp\u00e9rience de nature sauvage, une immersion dans la culture locale ou simplement le d\u00e9sir de vous d\u00e9tendre sur les magnifiques plages de Madagascar, nous avons la visite parfaite pour vous. Rejoignez-nous et laissez-vous emporter par une exp\u00e9rience inoubliable dans la terre de l&#8217;\u00eele rouge. Pour plus d&#8217;informations, cr\u00e9ez votre propre visite ou trouvez-la dans l&#8217;une de <span style=\"color: #5f8670;\"><a style=\"color: #5f8670;\" href=\"https:\/\/www.viajes-mada.com\/?page_id=30108&amp;lang=fr\">Nos circuits<\/a>.<\/span><\/p>\t\t\t\t\t\t<\/div>\n\t\t\t\t<\/div>\n\t\t\t\t\t<\/div>\n\t\t<\/div>\n\t\t\t\t\t<\/div>\n\t\t<\/section>\n\t\t\t\t<\/div>\n\t\t","protected":false},"excerpt":{"rendered":"<p>\u00bfQui sommes-nous ? Madagascar Viajes y Tours, votre voyage de r\u00eave \u00e0 petit prix et en toute confiance\u2009! Cr\u00e9\u00e9e r\u00e9cemment, l\u2019agence Madagascar Viajes y Tours r\u00e9unit des jeunes sp\u00e9cialis\u00e9s dans le tourisme d\u00e9sireux de formaliser leurs activit\u00e9s. La troupe est men\u00e9e par Josiane Raholinirinarisoa, une experte en pr\u00e9paration et en ex\u00e9cution de voyage de r\u00eave [&hellip;]<\/p>\n","protected":false},"author":2,"featured_media":27464,"parent":0,"menu_order":0,"comment_status":"closed","ping_status":"closed","template":"elementor_header_footer","meta":{"footnotes":""},"yoast_head":"<!-- This site is optimized with the Yoast SEO plugin v22.3 - https:\/\/yoast.com\/wordpress\/plugins\/seo\/ -->\n<title>Qui sommes-nous - Madagascar Viajes y Tours<\/title>\n<meta name=\"description\" content=\"Qui sommes-nous: Nous sommes une agence avec une grande exp\u00e9rience o\u00f9 nous garantissons des voyages personnalis\u00e9s et des prix comp\u00e9titifs.\" \/>\n<meta name=\"robots\" content=\"index, follow, max-snippet:-1, max-image-preview:large, max-video-preview:-1\" \/>\n<link rel=\"canonical\" href=\"https:\/\/www.viajes-mada.com\/?page_id=28672&lang=fr\" \/>\n<meta property=\"og:locale\" content=\"es_ES\" \/>\n<meta property=\"og:type\" content=\"article\" \/>\n<meta property=\"og:title\" content=\"Qui sommes-nous - Madagascar Viajes y Tours\" \/>\n<meta property=\"og:description\" content=\"Qui sommes-nous: Nous sommes une agence avec une grande exp\u00e9rience o\u00f9 nous garantissons des voyages personnalis\u00e9s et des prix comp\u00e9titifs.\" \/>\n<meta property=\"og:url\" content=\"https:\/\/www.viajes-mada.com\/?page_id=28672&amp;lang=fr\" \/>\n<meta property=\"og:site_name\" content=\"Madagascar Viajes y Tours\" \/>\n<meta property=\"article:modified_time\" content=\"2024-03-20T22:43:16+00:00\" \/>\n<meta property=\"og:image\" content=\"https:\/\/www.viajes-mada.com\/wp-content\/uploads\/2022\/06\/ankarana7.jpg\" \/>\n\t<meta property=\"og:image:width\" content=\"600\" \/>\n\t<meta property=\"og:image:height\" content=\"350\" \/>\n\t<meta property=\"og:image:type\" content=\"image\/jpeg\" \/>\n<meta name=\"twitter:card\" content=\"summary_large_image\" \/>\n<meta name=\"twitter:label1\" content=\"Tiempo de lectura\" \/>\n\t<meta name=\"twitter:data1\" content=\"2 minutos\" \/>\n<script type=\"application\/ld+json\" class=\"yoast-schema-graph\">{\"@context\":\"https:\/\/schema.org\",\"@graph\":[{\"@type\":\"WebPage\",\"@id\":\"https:\/\/www.viajes-mada.com\/?page_id=28672&lang=fr\",\"url\":\"https:\/\/www.viajes-mada.com\/?page_id=28672&lang=fr\",\"name\":\"Qui sommes-nous - Madagascar Viajes y Tours\",\"isPartOf\":{\"@id\":\"https:\/\/www.viajes-mada.com\/#website\"},\"primaryImageOfPage\":{\"@id\":\"https:\/\/www.viajes-mada.com\/?page_id=28672&lang=fr#primaryimage\"},\"image\":{\"@id\":\"https:\/\/www.viajes-mada.com\/?page_id=28672&lang=fr#primaryimage\"},\"thumbnailUrl\":\"https:\/\/www.viajes-mada.com\/wp-content\/uploads\/2022\/06\/ankarana7.jpg\",\"datePublished\":\"2024-02-22T23:28:20+00:00\",\"dateModified\":\"2024-03-20T22:43:16+00:00\",\"description\":\"Qui sommes-nous: Nous sommes une agence avec une grande exp\u00e9rience o\u00f9 nous garantissons des voyages personnalis\u00e9s et des prix comp\u00e9titifs.\",\"breadcrumb\":{\"@id\":\"https:\/\/www.viajes-mada.com\/?page_id=28672&lang=fr#breadcrumb\"},\"inLanguage\":\"es\",\"potentialAction\":[{\"@type\":\"ReadAction\",\"target\":[\"https:\/\/www.viajes-mada.com\/?page_id=28672&lang=fr\"]}]},{\"@type\":\"ImageObject\",\"inLanguage\":\"es\",\"@id\":\"https:\/\/www.viajes-mada.com\/?page_id=28672&lang=fr#primaryimage\",\"url\":\"https:\/\/www.viajes-mada.com\/wp-content\/uploads\/2022\/06\/ankarana7.jpg\",\"contentUrl\":\"https:\/\/www.viajes-mada.com\/wp-content\/uploads\/2022\/06\/ankarana7.jpg\",\"width\":600,\"height\":350},{\"@type\":\"BreadcrumbList\",\"@id\":\"https:\/\/www.viajes-mada.com\/?page_id=28672&lang=fr#breadcrumb\",\"itemListElement\":[{\"@type\":\"ListItem\",\"position\":1,\"name\":\"Home\",\"item\":\"https:\/\/www.viajes-mada.com\/\"},{\"@type\":\"ListItem\",\"position\":2,\"name\":\"Qui sommes-nous\"}]},{\"@type\":\"WebSite\",\"@id\":\"https:\/\/www.viajes-mada.com\/#website\",\"url\":\"https:\/\/www.viajes-mada.com\/\",\"name\":\"Madagascar Viajes y Tours\",\"description\":\"Explore the Wonders of Madagascar\",\"alternateName\":\"Viajes mada\",\"potentialAction\":[{\"@type\":\"SearchAction\",\"target\":{\"@type\":\"EntryPoint\",\"urlTemplate\":\"https:\/\/www.viajes-mada.com\/?s={search_term_string}\"},\"query-input\":\"required name=search_term_string\"}],\"inLanguage\":\"es\"}]}<\/script>\n<!-- \/ Yoast SEO plugin. -->","yoast_head_json":{"title":"Qui sommes-nous - Madagascar Viajes y Tours","description":"Qui sommes-nous: Nous sommes une agence avec une grande exp\u00e9rience o\u00f9 nous garantissons des voyages personnalis\u00e9s et des prix comp\u00e9titifs.","robots":{"index":"index","follow":"follow","max-snippet":"max-snippet:-1","max-image-preview":"max-image-preview:large","max-video-preview":"max-video-preview:-1"},"canonical":"https:\/\/www.viajes-mada.com\/?page_id=28672&lang=fr","og_locale":"es_ES","og_type":"article","og_title":"Qui sommes-nous - Madagascar Viajes y Tours","og_description":"Qui sommes-nous: Nous sommes une agence avec une grande exp\u00e9rience o\u00f9 nous garantissons des voyages personnalis\u00e9s et des prix comp\u00e9titifs.","og_url":"https:\/\/www.viajes-mada.com\/?page_id=28672&lang=fr","og_site_name":"Madagascar Viajes y Tours","article_modified_time":"2024-03-20T22:43:16+00:00","og_image":[{"width":600,"height":350,"url":"https:\/\/www.viajes-mada.com\/wp-content\/uploads\/2022\/06\/ankarana7.jpg","type":"image\/jpeg"}],"twitter_card":"summary_large_image","twitter_misc":{"Tiempo de lectura":"2 minutos"},"schema":{"@context":"https:\/\/schema.org","@graph":[{"@type":"WebPage","@id":"https:\/\/www.viajes-mada.com\/?page_id=28672&lang=fr","url":"https:\/\/www.viajes-mada.com\/?page_id=28672&lang=fr","name":"Qui sommes-nous - Madagascar Viajes y Tours","isPartOf":{"@id":"https:\/\/www.viajes-mada.com\/#website"},"primaryImageOfPage":{"@id":"https:\/\/www.viajes-mada.com\/?page_id=28672&lang=fr#primaryimage"},"image":{"@id":"https:\/\/www.viajes-mada.com\/?page_id=28672&lang=fr#primaryimage"},"thumbnailUrl":"https:\/\/www.viajes-mada.com\/wp-content\/uploads\/2022\/06\/ankarana7.jpg","datePublished":"2024-02-22T23:28:20+00:00","dateModified":"2024-03-20T22:43:16+00:00","description":"Qui sommes-nous: Nous sommes une agence avec une grande exp\u00e9rience o\u00f9 nous garantissons des voyages personnalis\u00e9s et des prix comp\u00e9titifs.","breadcrumb":{"@id":"https:\/\/www.viajes-mada.com\/?page_id=28672&lang=fr#breadcrumb"},"inLanguage":"es","potentialAction":[{"@type":"ReadAction","target":["https:\/\/www.viajes-mada.com\/?page_id=28672&lang=fr"]}]},{"@type":"ImageObject","inLanguage":"es","@id":"https:\/\/www.viajes-mada.com\/?page_id=28672&lang=fr#primaryimage","url":"https:\/\/www.viajes-mada.com\/wp-content\/uploads\/2022\/06\/ankarana7.jpg","contentUrl":"https:\/\/www.viajes-mada.com\/wp-content\/uploads\/2022\/06\/ankarana7.jpg","width":600,"height":350},{"@type":"BreadcrumbList","@id":"https:\/\/www.viajes-mada.com\/?page_id=28672&lang=fr#breadcrumb","itemListElement":[{"@type":"ListItem","position":1,"name":"Home","item":"https:\/\/www.viajes-mada.com\/"},{"@type":"ListItem","position":2,"name":"Qui sommes-nous"}]},{"@type":"WebSite","@id":"https:\/\/www.viajes-mada.com\/#website","url":"https:\/\/www.viajes-mada.com\/","name":"Madagascar Viajes y Tours","description":"Explore the Wonders of Madagascar","alternateName":"Viajes mada","potentialAction":[{"@type":"SearchAction","target":{"@type":"EntryPoint","urlTemplate":"https:\/\/www.viajes-mada.com\/?s={search_term_string}"},"query-input":"required name=search_term_string"}],"inLanguage":"es"}]}},"_links":{"self":[{"href":"https:\/\/www.viajes-mada.com\/index.php?rest_route=\/wp\/v2\/pages\/28672"}],"collection":[{"href":"https:\/\/www.viajes-mada.com\/index.php?rest_route=\/wp\/v2\/pages"}],"about":[{"href":"https:\/\/www.viajes-mada.com\/index.php?rest_route=\/wp\/v2\/types\/page"}],"author":[{"embeddable":true,"href":"https:\/\/www.viajes-mada.com\/index.php?rest_route=\/wp\/v2\/users\/2"}],"replies":[{"embeddable":true,"href":"https:\/\/www.viajes-mada.com\/index.php?rest_route=%2Fwp%2Fv2%2Fcomments&post=28672"}],"version-history":[{"count":26,"href":"https:\/\/www.viajes-mada.com\/index.php?rest_route=\/wp\/v2\/pages\/28672\/revisions"}],"predecessor-version":[{"id":30500,"href":"https:\/\/www.viajes-mada.com\/index.php?rest_route=\/wp\/v2\/pages\/28672\/revisions\/30500"}],"wp:featuredmedia":[{"embeddable":true,"href":"https:\/\/www.viajes-mada.com\/index.php?rest_route=\/wp\/v2\/media\/27464"}],"wp:attachment":[{"href":"https:\/\/www.viajes-mada.com\/index.php?rest_route=%2Fwp%2Fv2%2Fmedia&parent=28672"}],"curies":[{"name":"wp","href":"https:\/\/api.w.org\/{rel}","templated":true}]}}